{"id":14760,"date":"2021-02-02T11:43:50","date_gmt":"2021-02-02T11:43:50","guid":{"rendered":"https:\/\/demo.farost.net\/energia\/?page_id=14760"},"modified":"2025-08-23T11:58:10","modified_gmt":"2025-08-23T14:58:10","slug":"nosotros","status":"publish","type":"page","link":"https:\/\/esg-latam.com\/en\/nosotros\/","title":{"rendered":"About us"},"content":{"rendered":"<div data-elementor-type=\"wp-page\" data-elementor-id=\"14760\" class=\"elementor elementor-14760\">\n\t\t\t\t\t\t\t        <section class=\"elementor-section elementor-top-section elementor-element elementor-element-b27474a elementor-section-stretched elementor-section-boxed elementor-section-height-default elementor-section-height-default\" data-id=\"b27474a\" data-element_type=\"section\" data-settings=\"{&quot;stretch_section&quot;:&quot;section-stretched&quot;,&quot;background_background&quot;:&quot;classic&quot;}\">\n\t\t            <div class=\"elementor-background-overlay\"><\/div>\n\t\t\n\t\t        <div class=\"elementor-container elementor-column-gap-default\" >\n\t\t        <div class=\"elementor-column elementor-col-100 elementor-top-column elementor-element elementor-element-12e1d9f1\" data-id=\"12e1d9f1\" data-element_type=\"column\">\n        <div class=\"elementor-widget-wrap elementor-element-populated\">\n                                <section class=\"elementor-section elementor-inner-section elementor-element elementor-element-7ccfde35 elementor-section-boxed elementor-section-height-default elementor-section-height-default\" data-id=\"7ccfde35\" data-element_type=\"section\">\n\t\t\n\t\t        <div class=\"elementor-container elementor-column-gap-default\" >\n\t\t        <div class=\"elementor-column elementor-col-100 elementor-inner-column elementor-element elementor-element-70c8ebe7\" data-id=\"70c8ebe7\" data-element_type=\"column\">\n        <div class=\"elementor-widget-wrap\">\n                                <\/div>\n        <\/div>\n        \t\t        <\/div>\n        <\/section>\n\t\t\t\t<div class=\"elementor-element elementor-element-ca583f8 elementor-widget elementor-widget-cms_heading\" data-id=\"ca583f8\" data-element_type=\"widget\" data-widget_type=\"cms_heading.default\">\n\t\t\t\t<div class=\"elementor-widget-container\">\n\t\t\t<div class=\"cms-heading-wrapper cms-heading-layout1\">\r\n    \r\n            <h1 class=\"custom-heading\">\r\n            <span >ESG Latam Team<\/span>\r\n        <\/h1>\r\n        \r\n    <\/div>\t\t<\/div>\n\t\t\t\t<\/div>\n\t\t        <\/div>\n        <\/div>\n        \t\t        <\/div>\n        <\/section>\n\t\t        <section class=\"elementor-section elementor-top-section elementor-element elementor-element-2b1c6c4 elementor-section-boxed elementor-section-height-default elementor-section-height-default\" data-id=\"2b1c6c4\" data-element_type=\"section\" data-settings=\"{&quot;background_background&quot;:&quot;classic&quot;}\">\n\t\t\n\t\t        <div class=\"elementor-container elementor-column-gap-default\" >\n\t\t        <div class=\"elementor-column elementor-col-100 elementor-top-column elementor-element elementor-element-c309bf6\" data-id=\"c309bf6\" data-element_type=\"column\">\n        <div class=\"elementor-widget-wrap elementor-element-populated\">\n                        \t\t<div class=\"elementor-element elementor-element-c1ce6d2 elementor-widget elementor-widget-counter\" data-id=\"c1ce6d2\" data-element_type=\"widget\" data-widget_type=\"counter.default\">\n\t\t\t\t<div class=\"elementor-widget-container\">\n\t\t\t<style>\/*! elementor - v3.18.0 - 08-12-2023 *\/\n.elementor-counter .elementor-counter-number-wrapper{display:flex;font-size:69px;font-weight:600;line-height:1}.elementor-counter .elementor-counter-number-prefix,.elementor-counter .elementor-counter-number-suffix{flex-grow:1;white-space:pre-wrap}.elementor-counter .elementor-counter-number-prefix{text-align:right}.elementor-counter .elementor-counter-number-suffix{text-align:left}.elementor-counter .elementor-counter-title{text-align:center;font-size:19px;font-weight:400;line-height:2.5}<\/style>\t\t<div class=\"elementor-counter\">\n\t\t\t<div class=\"elementor-counter-number-wrapper\">\n\t\t\t\t<span class=\"elementor-counter-number-prefix\"><\/span>\n\t\t\t\t<span class=\"elementor-counter-number\" data-duration=\"2000\" data-to-value=\"20\" data-from-value=\"1\" data-delimiter=\",\">1<\/span>\n\t\t\t\t<span class=\"elementor-counter-number-suffix\">+<\/span>\n\t\t\t<\/div>\n\t\t\t\t\t\t\t<div class=\"elementor-counter-title\">Years of Experience<\/div>\n\t\t\t\t\t<\/div>\n\t\t\t\t<\/div>\n\t\t\t\t<\/div>\n\t\t        <\/div>\n        <\/div>\n        \t\t        <\/div>\n        <\/section>\n\t\t        <section class=\"elementor-section elementor-top-section elementor-element elementor-element-b90e649 elementor-section-boxed elementor-section-height-default elementor-section-height-default\" data-id=\"b90e649\" data-element_type=\"section\">\n\t\t\n\t\t        <div class=\"elementor-container elementor-column-gap-wide\" >\n\t\t        <div class=\"elementor-column elementor-col-33 elementor-top-column elementor-element elementor-element-3bd7e07\" data-id=\"3bd7e07\" data-element_type=\"column\">\n        <div class=\"elementor-widget-wrap elementor-element-populated\">\n                        \t\t<div class=\"elementor-element elementor-element-0940d4e elementor-widget elementor-widget-image\" data-id=\"0940d4e\" data-element_type=\"widget\" data-widget_type=\"image.default\">\n\t\t\t\t<div class=\"elementor-widget-container\">\n\t\t\t<style>\/*! elementor - v3.18.0 - 08-12-2023 *\/\n.elementor-widget-image{text-align:center}.elementor-widget-image a{display:inline-block}.elementor-widget-image a img[src$=\".svg\"]{width:48px}.elementor-widget-image img{vertical-align:middle;display:inline-block}<\/style>\t\t\t\t\t\t\t\t\t\t\t\t<img fetchpriority=\"high\" width=\"490\" height=\"558\" src=\"https:\/\/esg-latam.com\/wp-content\/uploads\/2025\/08\/alejandro.jpg\" class=\"elementor-animation-grow attachment-full size-full wp-image-20611\" alt=\"\" srcset=\"https:\/\/esg-latam.com\/wp-content\/uploads\/2025\/08\/alejandro.jpg 490w, https:\/\/esg-latam.com\/wp-content\/uploads\/2025\/08\/alejandro-263x300.jpg 263w\" sizes=\"(max-width: 490px) 100vw, 490px\" \/>\t\t\t\t\t\t\t\t\t\t\t\t\t\t\t<\/div>\n\t\t\t\t<\/div>\n\t\t\t\t<div class=\"elementor-element elementor-element-0b0c36f elementor-widget elementor-widget-cms_heading\" data-id=\"0b0c36f\" data-element_type=\"widget\" data-widget_type=\"cms_heading.default\">\n\t\t\t\t<div class=\"elementor-widget-container\">\n\t\t\t<div class=\"cms-heading-wrapper cms-heading-layout1\">\r\n            <div class=\"custom-subheading\">CEO &amp; founder<\/div>\r\n    \r\n            <h2 class=\"custom-heading\">\r\n            <span >Alejandro Rueda<\/span>\r\n        <\/h2>\r\n        \r\n    <\/div>\t\t<\/div>\n\t\t\t\t<\/div>\n\t\t        <\/div>\n        <\/div>\n                <div class=\"elementor-column elementor-col-66 elementor-top-column elementor-element elementor-element-a777370\" data-id=\"a777370\" data-element_type=\"column\">\n        <div class=\"elementor-widget-wrap elementor-element-populated\">\n                        \t\t<div class=\"elementor-element elementor-element-50e0de0 elementor-widget elementor-widget-text-editor\" data-id=\"50e0de0\" data-element_type=\"widget\" data-widget_type=\"text-editor.default\">\n\t\t\t\t<div class=\"elementor-widget-container\">\n\t\t\t<style>\/*! elementor - v3.18.0 - 08-12-2023 *\/\n.elementor-widget-text-editor.elementor-drop-cap-view-stacked .elementor-drop-cap{background-color:#69727d;color:#fff}.elementor-widget-text-editor.elementor-drop-cap-view-framed .elementor-drop-cap{color:#69727d;border:3px solid;background-color:transparent}.elementor-widget-text-editor:not(.elementor-drop-cap-view-default) .elementor-drop-cap{margin-top:8px}.elementor-widget-text-editor:not(.elementor-drop-cap-view-default) .elementor-drop-cap-letter{width:1em;height:1em}.elementor-widget-text-editor .elementor-drop-cap{float:left;text-align:center;line-height:1;font-size:50px}.elementor-widget-text-editor .elementor-drop-cap-letter{display:inline-block}<\/style>\t\t\t\t<p>Alejandro has an extensive track record in the fields of energy efficiency, renewable energy and energy transition. He has led projects and operations across Latin America, including the launch of ENEL X in Argentina and heading the Energy Department of the Government of the City of Buenos Aires, where he promoted public programs, recycling initiatives and socio-environmental projects.<br \/><br \/>His career in sustainability began as a Business Development Manager at MGM International and MGM Innova, developing solutions to combat climate change in the region.<br \/><br \/>He holds a Master\u2019s degree in Finance from CEMA and a Bachelor\u2019s degree in Business Administration from Universidad del Salvador.<\/p>\t\t\t\t\t\t<\/div>\n\t\t\t\t<\/div>\n\t\t        <\/div>\n        <\/div>\n        \t\t        <\/div>\n        <\/section>\n\t\t        <section class=\"elementor-section elementor-top-section elementor-element elementor-element-a4dd4f6 elementor-reverse-mobile elementor-section-boxed elementor-section-height-default elementor-section-height-default\" data-id=\"a4dd4f6\" data-element_type=\"section\">\n\t\t\n\t\t        <div class=\"elementor-container elementor-column-gap-wide\" >\n\t\t        <div class=\"elementor-column elementor-col-66 elementor-top-column elementor-element elementor-element-8c77b36\" data-id=\"8c77b36\" data-element_type=\"column\">\n        <div class=\"elementor-widget-wrap elementor-element-populated\">\n                        \t\t<div class=\"elementor-element elementor-element-e66664e elementor-widget elementor-widget-text-editor\" data-id=\"e66664e\" data-element_type=\"widget\" data-widget_type=\"text-editor.default\">\n\t\t\t\t<div class=\"elementor-widget-container\">\n\t\t\t\t\t\t\t<p>Mar\u00eda Laura is an Environmental Engineer, graduated from the Pontificia Universidad Catolica Argentina, with a postgraduate specialization in Renewable Energy.<br \/><br \/>She began her career in IBM, in the environmental sector, playing a key role in energy efficiency projects, recycling programs, and waste management.<br \/><br \/>She went on to join Enel X Argentina as Product Manager for a consumption management platform, and later took on the role of Energy Management Consultant, leading consulting services focused on optimizing the energy performance of organizations.<\/p>\t\t\t\t\t\t<\/div>\n\t\t\t\t<\/div>\n\t\t        <\/div>\n        <\/div>\n                <div class=\"elementor-column elementor-col-33 elementor-top-column elementor-element elementor-element-cdb9186\" data-id=\"cdb9186\" data-element_type=\"column\">\n        <div class=\"elementor-widget-wrap elementor-element-populated\">\n                        \t\t<div class=\"elementor-element elementor-element-21d8409 elementor-widget elementor-widget-image\" data-id=\"21d8409\" data-element_type=\"widget\" data-widget_type=\"image.default\">\n\t\t\t\t<div class=\"elementor-widget-container\">\n\t\t\t\t\t\t\t\t\t\t\t\t\t\t\t<img width=\"2033\" height=\"2560\" src=\"https:\/\/esg-latam.com\/wp-content\/uploads\/2025\/08\/WhatsApp-Image-2025-08-08-at-16.22.42-1-scaled.jpeg\" class=\"elementor-animation-grow attachment-full size-full wp-image-20604\" alt=\"\" srcset=\"https:\/\/esg-latam.com\/wp-content\/uploads\/2025\/08\/WhatsApp-Image-2025-08-08-at-16.22.42-1-scaled.jpeg 2033w, https:\/\/esg-latam.com\/wp-content\/uploads\/2025\/08\/WhatsApp-Image-2025-08-08-at-16.22.42-1-238x300.jpeg 238w, https:\/\/esg-latam.com\/wp-content\/uploads\/2025\/08\/WhatsApp-Image-2025-08-08-at-16.22.42-1-813x1024.jpeg 813w, https:\/\/esg-latam.com\/wp-content\/uploads\/2025\/08\/WhatsApp-Image-2025-08-08-at-16.22.42-1-768x967.jpeg 768w, https:\/\/esg-latam.com\/wp-content\/uploads\/2025\/08\/WhatsApp-Image-2025-08-08-at-16.22.42-1-1220x1536.jpeg 1220w, https:\/\/esg-latam.com\/wp-content\/uploads\/2025\/08\/WhatsApp-Image-2025-08-08-at-16.22.42-1-1626x2048.jpeg 1626w, https:\/\/esg-latam.com\/wp-content\/uploads\/2025\/08\/WhatsApp-Image-2025-08-08-at-16.22.42-1-600x756.jpeg 600w\" sizes=\"(max-width: 2033px) 100vw, 2033px\" \/>\t\t\t\t\t\t\t\t\t\t\t\t\t\t\t<\/div>\n\t\t\t\t<\/div>\n\t\t\t\t<div class=\"elementor-element elementor-element-18a899e elementor-widget elementor-widget-cms_heading\" data-id=\"18a899e\" data-element_type=\"widget\" data-widget_type=\"cms_heading.default\">\n\t\t\t\t<div class=\"elementor-widget-container\">\n\t\t\t<div class=\"cms-heading-wrapper cms-heading-layout1\">\r\n            <div class=\"custom-subheading\">Co-founder and business developer<\/div>\r\n    \r\n            <h2 class=\"custom-heading\">\r\n            <span >Maria Laura Serafica<\/span>\r\n        <\/h2>\r\n        \r\n    <\/div>\t\t<\/div>\n\t\t\t\t<\/div>\n\t\t        <\/div>\n        <\/div>\n        \t\t        <\/div>\n        <\/section>\n\t\t        <section class=\"elementor-section elementor-top-section elementor-element elementor-element-4e7f39e elementor-reverse-mobile elementor-section-boxed elementor-section-height-default elementor-section-height-default\" data-id=\"4e7f39e\" data-element_type=\"section\">\n\t\t\n\t\t        <div class=\"elementor-container elementor-column-gap-wide\" >\n\t\t        <div class=\"elementor-column elementor-col-33 elementor-top-column elementor-element elementor-element-05bb43c\" data-id=\"05bb43c\" data-element_type=\"column\">\n        <div class=\"elementor-widget-wrap elementor-element-populated\">\n                        \t\t<div class=\"elementor-element elementor-element-7827246 elementor-widget elementor-widget-image\" data-id=\"7827246\" data-element_type=\"widget\" data-widget_type=\"image.default\">\n\t\t\t\t<div class=\"elementor-widget-container\">\n\t\t\t\t\t\t\t\t\t\t\t\t\t\t\t<img width=\"1024\" height=\"1536\" src=\"https:\/\/esg-latam.com\/wp-content\/uploads\/2025\/07\/dd15ede1-8c7f-4663-93b2-2b2a1d5141c7.png\" class=\"elementor-animation-grow attachment-full size-full wp-image-19944\" alt=\"\" srcset=\"https:\/\/esg-latam.com\/wp-content\/uploads\/2025\/07\/dd15ede1-8c7f-4663-93b2-2b2a1d5141c7.png 1024w, https:\/\/esg-latam.com\/wp-content\/uploads\/2025\/07\/dd15ede1-8c7f-4663-93b2-2b2a1d5141c7-200x300.png 200w, https:\/\/esg-latam.com\/wp-content\/uploads\/2025\/07\/dd15ede1-8c7f-4663-93b2-2b2a1d5141c7-683x1024.png 683w, https:\/\/esg-latam.com\/wp-content\/uploads\/2025\/07\/dd15ede1-8c7f-4663-93b2-2b2a1d5141c7-768x1152.png 768w, https:\/\/esg-latam.com\/wp-content\/uploads\/2025\/07\/dd15ede1-8c7f-4663-93b2-2b2a1d5141c7-600x900.png 600w\" sizes=\"(max-width: 1024px) 100vw, 1024px\" \/>\t\t\t\t\t\t\t\t\t\t\t\t\t\t\t<\/div>\n\t\t\t\t<\/div>\n\t\t\t\t<div class=\"elementor-element elementor-element-79eb660 elementor-widget elementor-widget-cms_heading\" data-id=\"79eb660\" data-element_type=\"widget\" data-widget_type=\"cms_heading.default\">\n\t\t\t\t<div class=\"elementor-widget-container\">\n\t\t\t<div class=\"cms-heading-wrapper cms-heading-layout1\">\r\n            <div class=\"custom-subheading\">Data Quality Specialist<\/div>\r\n    \r\n            <h2 class=\"custom-heading\">\r\n            <span >Marcela Rodriguez\u00a0Ponti<\/span>\r\n        <\/h2>\r\n        \r\n    <\/div>\t\t<\/div>\n\t\t\t\t<\/div>\n\t\t        <\/div>\n        <\/div>\n                <div class=\"elementor-column elementor-col-66 elementor-top-column elementor-element elementor-element-adf40f5\" data-id=\"adf40f5\" data-element_type=\"column\">\n        <div class=\"elementor-widget-wrap elementor-element-populated\">\n                        \t\t<div class=\"elementor-element elementor-element-4aebad3 elementor-widget elementor-widget-text-editor\" data-id=\"4aebad3\" data-element_type=\"widget\" data-widget_type=\"text-editor.default\">\n\t\t\t\t<div class=\"elementor-widget-container\">\n\t\t\t\t\t\t\t<p>Marcela has a strong background in industrial design, data analysis and quality assurance. Her profile combines technical expertise with management skills, problem-solving abilities, and experience in interdisciplinary work within corporate and independent consulting environments.<br \/><br \/>With experience as a Data Analyst at CONABIP, she participated in system analysis, requirements gathering, and the implementation of IT projects, as well as researching new methodologies for continuous improvement.<br \/><br \/>She holds a degree in Industrial Design from the University of Buenos Aires and a Diploma in Data Science and Artificial Intelligence from the National University of San Mart\u00edn, with a specialization in Python, Machine Learning, and Deep Learning.<\/p>\t\t\t\t\t\t<\/div>\n\t\t\t\t<\/div>\n\t\t        <\/div>\n        <\/div>\n        \t\t        <\/div>\n        <\/section>\n\t\t        <section class=\"elementor-section elementor-top-section elementor-element elementor-element-75e8368 elementor-reverse-mobile elementor-section-boxed elementor-section-height-default elementor-section-height-default\" data-id=\"75e8368\" data-element_type=\"section\">\n\t\t\n\t\t        <div class=\"elementor-container elementor-column-gap-wide\" >\n\t\t        <div class=\"elementor-column elementor-col-66 elementor-top-column elementor-element elementor-element-480aa0a\" data-id=\"480aa0a\" data-element_type=\"column\">\n        <div class=\"elementor-widget-wrap elementor-element-populated\">\n                        \t\t<div class=\"elementor-element elementor-element-031f6c7 elementor-widget elementor-widget-text-editor\" data-id=\"031f6c7\" data-element_type=\"widget\" data-widget_type=\"text-editor.default\">\n\t\t\t\t<div class=\"elementor-widget-container\">\n\t\t\t\t\t\t\t<p>Gautam is an engineer, graduated from the University of London, and holds a doctorate from Princeton University, where he worked as a researcher in energy efficiency starting in 1976. He later served as a professor at the National Autonomous University of Mexico.<br \/><br \/>He has been working in climate change mitigation since 1992, serving as Scientific Advisor to the Global Environment Facility (GEF), co-authoring several reports for the Intergovernmental Panel on Climate Change (IPCC), and participating in the Nobel Peace Prize awarded to the organization in 2007.<br \/><br \/>Since 2002, he has collaborated with MGM International, MGM Innova, FReMCo, and other international companies focused on climate change mitigation, concentrating on the development of carbon credit projects and the creation of methodologies for project evaluation across virtually all sectors.<\/p>\t\t\t\t\t\t<\/div>\n\t\t\t\t<\/div>\n\t\t        <\/div>\n        <\/div>\n                <div class=\"elementor-column elementor-col-33 elementor-top-column elementor-element elementor-element-b85b5be\" data-id=\"b85b5be\" data-element_type=\"column\">\n        <div class=\"elementor-widget-wrap elementor-element-populated\">\n                        \t\t<div class=\"elementor-element elementor-element-e68f52b elementor-widget elementor-widget-image\" data-id=\"e68f52b\" data-element_type=\"widget\" data-widget_type=\"image.default\">\n\t\t\t\t<div class=\"elementor-widget-container\">\n\t\t\t\t\t\t\t\t\t\t\t\t\t\t\t<img loading=\"lazy\" width=\"768\" height=\"1013\" src=\"https:\/\/esg-latam.com\/wp-content\/uploads\/2025\/07\/Gautam-Foto-e1721410245169.jpeg\" class=\"elementor-animation-grow attachment-full size-full wp-image-20223\" alt=\"\" srcset=\"https:\/\/esg-latam.com\/wp-content\/uploads\/2025\/07\/Gautam-Foto-e1721410245169.jpeg 768w, https:\/\/esg-latam.com\/wp-content\/uploads\/2025\/07\/Gautam-Foto-e1721410245169-227x300.jpeg 227w, https:\/\/esg-latam.com\/wp-content\/uploads\/2025\/07\/Gautam-Foto-e1721410245169-600x791.jpeg 600w\" sizes=\"(max-width: 768px) 100vw, 768px\" \/>\t\t\t\t\t\t\t\t\t\t\t\t\t\t\t<\/div>\n\t\t\t\t<\/div>\n\t\t\t\t<div class=\"elementor-element elementor-element-aebf85e elementor-widget elementor-widget-cms_heading\" data-id=\"aebf85e\" data-element_type=\"widget\" data-widget_type=\"cms_heading.default\">\n\t\t\t\t<div class=\"elementor-widget-container\">\n\t\t\t<div class=\"cms-heading-wrapper cms-heading-layout1\">\r\n            <div class=\"custom-subheading\">Climate change advisor<\/div>\r\n    \r\n            <h2 class=\"custom-heading\">\r\n            <span >Gautam Dutt<\/span>\r\n        <\/h2>\r\n        \r\n    <\/div>\t\t<\/div>\n\t\t\t\t<\/div>\n\t\t        <\/div>\n        <\/div>\n        \t\t        <\/div>\n        <\/section>\n\t\t        <section class=\"elementor-section elementor-top-section elementor-element elementor-element-5bc8be3 elementor-reverse-mobile elementor-section-boxed elementor-section-height-default elementor-section-height-default\" data-id=\"5bc8be3\" data-element_type=\"section\">\n\t\t\n\t\t        <div class=\"elementor-container elementor-column-gap-wide\" >\n\t\t        <div class=\"elementor-column elementor-col-33 elementor-top-column elementor-element elementor-element-7514fd1\" data-id=\"7514fd1\" data-element_type=\"column\">\n        <div class=\"elementor-widget-wrap elementor-element-populated\">\n                        \t\t<div class=\"elementor-element elementor-element-50f764f elementor-widget elementor-widget-image\" data-id=\"50f764f\" data-element_type=\"widget\" data-widget_type=\"image.default\">\n\t\t\t\t<div class=\"elementor-widget-container\">\n\t\t\t\t\t\t\t\t\t\t\t\t\t\t\t<img loading=\"lazy\" width=\"910\" height=\"1333\" src=\"https:\/\/esg-latam.com\/wp-content\/uploads\/2025\/08\/5d52df5e-1cdd-4cac-8b97-3b6380d3a962-e1754663351837.png\" class=\"elementor-animation-grow attachment-full size-full wp-image-20591\" alt=\"\" srcset=\"https:\/\/esg-latam.com\/wp-content\/uploads\/2025\/08\/5d52df5e-1cdd-4cac-8b97-3b6380d3a962-e1754663351837.png 910w, https:\/\/esg-latam.com\/wp-content\/uploads\/2025\/08\/5d52df5e-1cdd-4cac-8b97-3b6380d3a962-e1754663351837-205x300.png 205w, https:\/\/esg-latam.com\/wp-content\/uploads\/2025\/08\/5d52df5e-1cdd-4cac-8b97-3b6380d3a962-e1754663351837-699x1024.png 699w, https:\/\/esg-latam.com\/wp-content\/uploads\/2025\/08\/5d52df5e-1cdd-4cac-8b97-3b6380d3a962-e1754663351837-768x1125.png 768w, https:\/\/esg-latam.com\/wp-content\/uploads\/2025\/08\/5d52df5e-1cdd-4cac-8b97-3b6380d3a962-e1754663351837-600x879.png 600w\" sizes=\"(max-width: 910px) 100vw, 910px\" \/>\t\t\t\t\t\t\t\t\t\t\t\t\t\t\t<\/div>\n\t\t\t\t<\/div>\n\t\t\t\t<div class=\"elementor-element elementor-element-07f7c04 elementor-widget elementor-widget-cms_heading\" data-id=\"07f7c04\" data-element_type=\"widget\" data-widget_type=\"cms_heading.default\">\n\t\t\t\t<div class=\"elementor-widget-container\">\n\t\t\t<div class=\"cms-heading-wrapper cms-heading-layout1\">\r\n            <div class=\"custom-subheading\">IT analyst<\/div>\r\n    \r\n            <h2 class=\"custom-heading\">\r\n            <span >Tomas Rodriguez<\/span>\r\n        <\/h2>\r\n        \r\n    <\/div>\t\t<\/div>\n\t\t\t\t<\/div>\n\t\t        <\/div>\n        <\/div>\n                <div class=\"elementor-column elementor-col-66 elementor-top-column elementor-element elementor-element-02f142a\" data-id=\"02f142a\" data-element_type=\"column\">\n        <div class=\"elementor-widget-wrap elementor-element-populated\">\n                        \t\t<div class=\"elementor-element elementor-element-f30975e elementor-widget elementor-widget-text-editor\" data-id=\"f30975e\" data-element_type=\"widget\" data-widget_type=\"text-editor.default\">\n\t\t\t\t<div class=\"elementor-widget-container\">\n\t\t\t\t\t\t\t<p>Tom\u00e1s has experience in technology operations, technical support, and teaching, combining practical skills with academic knowledge in technology.<br \/>He worked as an IT Support Technician at Teleperformance, providing assistance to users of Internet and television services, managing billing systems, and advising on the sale of additional services.<br \/><br \/>He is currently studying Industrial Engineering at the Universidad Tecnol\u00f3gica Nacional and has completed web development and Front End courses at ITBA Universidad and Digital House, gaining skills in Python, JavaScript, CSS, HTML, Figma, and full stack web development. He has knowledge of hardware, Microsoft Excel, Google Workspace, and various technological tools, with a profile focused on technology and problem-solving.<\/p>\t\t\t\t\t\t<\/div>\n\t\t\t\t<\/div>\n\t\t        <\/div>\n        <\/div>\n        \t\t        <\/div>\n        <\/section>\n\t\t\t\t\t\t\t<\/div>","protected":false},"excerpt":{"rendered":"<p>Equipo ESG Latam 1 + A\u00f1os de experiencia CEO y fundador Alejandro Rueda Alejandro cuenta con una gran trayectoria en los sectores de eficiencia energ\u00e9tica, energ\u00edas renovables y transici\u00f3n energ\u00e9tica. Ha liderado proyectos y operaciones en Am\u00e9rica Latina, incluyendo el lanzamiento de ENEL X en Argentina y la direcci\u00f3n del Departamento de Energ\u00eda del Gobierno [&hellip;]<\/p>","protected":false},"author":1,"featured_media":0,"parent":0,"menu_order":0,"comment_status":"closed","ping_status":"closed","template":"","meta":{"_eb_attr":"","footnotes":""},"class_list":["post-14760","page","type-page","status-publish","hentry"],"_links":{"self":[{"href":"https:\/\/esg-latam.com\/en\/wp-json\/wp\/v2\/pages\/14760","targetHints":{"allow":["GET"]}}],"collection":[{"href":"https:\/\/esg-latam.com\/en\/wp-json\/wp\/v2\/pages"}],"about":[{"href":"https:\/\/esg-latam.com\/en\/wp-json\/wp\/v2\/types\/page"}],"author":[{"embeddable":true,"href":"https:\/\/esg-latam.com\/en\/wp-json\/wp\/v2\/users\/1"}],"replies":[{"embeddable":true,"href":"https:\/\/esg-latam.com\/en\/wp-json\/wp\/v2\/comments?post=14760"}],"version-history":[{"count":0,"href":"https:\/\/esg-latam.com\/en\/wp-json\/wp\/v2\/pages\/14760\/revisions"}],"wp:attachment":[{"href":"https:\/\/esg-latam.com\/en\/wp-json\/wp\/v2\/media?parent=14760"}],"curies":[{"name":"wp","href":"https:\/\/api.w.org\/{rel}","templated":true}]}}